{"id":1399,"date":"2025-02-21T10:10:56","date_gmt":"2025-02-21T10:10:56","guid":{"rendered":"https:\/\/dreamhomebudapest.com\/?page_id=1399"},"modified":"2025-02-21T10:55:36","modified_gmt":"2025-02-21T10:55:36","slug":"sikeres-feliratkozas","status":"publish","type":"page","link":"https:\/\/dreamhomebudapest.com\/hu\/subscription-confirmed\/","title":{"rendered":"Feliratkoz\u00e1s meger\u0151s\u00edtve"},"content":{"rendered":"<p>Sikeres feliratkoz\u00e1s!<\/p>","protected":false},"excerpt":{"rendered":"<p>Sikeres feliratkoz\u00e1s!<\/p>","protected":false},"author":1,"featured_media":1412,"parent":0,"menu_order":0,"comment_status":"closed","ping_status":"closed","template":"","meta":{"_acf_changed":false,"footnotes":""},"class_list":["post-1399","page","type-page","status-publish","has-post-thumbnail","hentry"],"acf":[],"_links":{"self":[{"href":"https:\/\/dreamhomebudapest.com\/hu\/wp-json\/wp\/v2\/pages\/1399","targetHints":{"allow":["GET"]}}],"collection":[{"href":"https:\/\/dreamhomebudapest.com\/hu\/wp-json\/wp\/v2\/pages"}],"about":[{"href":"https:\/\/dreamhomebudapest.com\/hu\/wp-json\/wp\/v2\/types\/page"}],"author":[{"embeddable":true,"href":"https:\/\/dreamhomebudapest.com\/hu\/wp-json\/wp\/v2\/users\/1"}],"replies":[{"embeddable":true,"href":"https:\/\/dreamhomebudapest.com\/hu\/wp-json\/wp\/v2\/comments?post=1399"}],"version-history":[{"count":5,"href":"https:\/\/dreamhomebudapest.com\/hu\/wp-json\/wp\/v2\/pages\/1399\/revisions"}],"predecessor-version":[{"id":1415,"href":"https:\/\/dreamhomebudapest.com\/hu\/wp-json\/wp\/v2\/pages\/1399\/revisions\/1415"}],"wp:featuredmedia":[{"embeddable":true,"href":"https:\/\/dreamhomebudapest.com\/hu\/wp-json\/wp\/v2\/media\/1412"}],"wp:attachment":[{"href":"https:\/\/dreamhomebudapest.com\/hu\/wp-json\/wp\/v2\/media?parent=1399"}],"curies":[{"name":"wp","href":"https:\/\/api.w.org\/{rel}","templated":true}]}}